{"id":620,"date":"2021-08-13T13:08:25","date_gmt":"2021-08-13T11:08:25","guid":{"rendered":"http:\/\/mariasometti.com\/609-2\/"},"modified":"2021-09-21T22:15:10","modified_gmt":"2021-09-21T20:15:10","slug":"lake-garda","status":"publish","type":"page","link":"https:\/\/www.mariasometti.com\/it\/lake-garda\/","title":{"rendered":"La terra del vino, dell&#8217;olio e della natura prealpina \u2013 Benaco"},"content":{"rendered":"\n<p>Conosceremo il lago pi\u00f9 grande d&#8217;Italia, situato all&#8217;incrocio di tre diverse regioni. Il Benaco, meglio conosciuto come Lago di Garda, ha un incredibile carattere mediterraneo ed \u00e8 ricchissimo di fiori. Il lago \u00e8 adorato da appassionati di vela, subacquei e ciclisti professionisti. Non \u00e8 un caso che alcune scene di James Bond in \u00abQuantum of Solace\u00bb siano state girate qui.<\/p>\n\n\n\n<p>Vi parler\u00f2 delle dinastie di pescatori locali, ma anche di famiglie che da secoli lavorano nelle cantine e negli oleifici.<\/p>\n\n\n\n<figure class=\"wp-block-image size-large\"><img loading=\"lazy\" width=\"1067\" height=\"600\" src=\"http:\/\/mariasometti.com\/html\/uploads\/2021\/08\/\u0433\u0430\u0440\u0434\u0430-\u0442\u0443\u0440-1067x600.jpg\" alt=\"\" class=\"wp-image-610\" srcset=\"https:\/\/www.mariasometti.com\/html\/uploads\/2021\/08\/\u0433\u0430\u0440\u0434\u0430-\u0442\u0443\u0440-1067x600.jpg 1067w, https:\/\/www.mariasometti.com\/html\/uploads\/2021\/08\/\u0433\u0430\u0440\u0434\u0430-\u0442\u0443\u0440-768x432.jpg 768w, https:\/\/www.mariasometti.com\/html\/uploads\/2021\/08\/\u0433\u0430\u0440\u0434\u0430-\u0442\u0443\u0440-1536x864.jpg 1536w, https:\/\/www.mariasometti.com\/html\/uploads\/2021\/08\/\u0433\u0430\u0440\u0434\u0430-\u0442\u0443\u0440.jpg 1920w\" sizes=\"(max-width: 1067px) 100vw, 1067px\" \/><\/figure>\n","protected":false},"excerpt":{"rendered":"<p>Conosceremo il lago pi\u00f9 grande d&#8217;Italia, situato all&#8217;incrocio di tre diverse regioni. Il Benaco, meglio conosciuto come Lago di Garda, ha un incredibile carattere mediterraneo ed \u00e8 ricchissimo di fiori. Il lago \u00e8 adorato da appassionati di vela, subacquei e ciclisti professionisti. Non \u00e8 un caso che alcune scene di James Bond in \u00abQuantum of [&hellip;]<\/p>\n","protected":false},"author":1,"featured_media":0,"parent":0,"menu_order":0,"comment_status":"closed","ping_status":"closed","template":"services-template.php","meta":[],"yoast_head":"<!-- This site is optimized with the Yoast SEO plugin v16.5 - https:\/\/yoast.com\/wordpress\/plugins\/seo\/ -->\n<meta name=\"robots\" content=\"index, follow, max-snippet:-1, max-image-preview:large, max-video-preview:-1\" \/>\n<link rel=\"canonical\" href=\"https:\/\/www.mariasometti.com\/it\/lake-garda\/\" \/>\n<meta property=\"og:locale\" content=\"it_IT\" \/>\n<meta property=\"og:type\" content=\"article\" \/>\n<meta property=\"og:title\" content=\"La terra del vino, dell&#039;olio e della natura prealpina \u2013 Benaco - Maria Sometti - Russian interpreter &amp; translator\" \/>\n<meta property=\"og:description\" content=\"Conosceremo il lago pi\u00f9 grande d&#8217;Italia, situato all&#8217;incrocio di tre diverse regioni. Il Benaco, meglio conosciuto come Lago di Garda, ha un incredibile carattere mediterraneo ed \u00e8 ricchissimo di fiori. Il lago \u00e8 adorato da appassionati di vela, subacquei e ciclisti professionisti. Non \u00e8 un caso che alcune scene di James Bond in \u00abQuantum of [&hellip;]\" \/>\n<meta property=\"og:url\" content=\"https:\/\/www.mariasometti.com\/it\/lake-garda\/\" \/>\n<meta property=\"og:site_name\" content=\"Maria Sometti - Russian interpreter &amp; translator\" \/>\n<meta property=\"article:modified_time\" content=\"2021-09-21T20:15:10+00:00\" \/>\n<meta property=\"og:image\" content=\"http:\/\/mariasometti.com\/html\/uploads\/2021\/08\/\u0433\u0430\u0440\u0434\u0430-\u0442\u0443\u0440-1067x600.jpg\" \/>\n<meta name=\"twitter:card\" content=\"summary\" \/>\n<meta name=\"twitter:label1\" content=\"Tempo di lettura stimato\" \/>\n\t<meta name=\"twitter:data1\" content=\"1 minuto\" \/>\n<script type=\"application\/ld+json\" class=\"yoast-schema-graph\">{\"@context\":\"https:\/\/schema.org\",\"@graph\":[{\"@type\":\"WebSite\",\"@id\":\"https:\/\/www.mariasometti.com\/#website\",\"url\":\"https:\/\/www.mariasometti.com\/\",\"name\":\"Maria Sometti - Russian interpreter &amp; translator\",\"description\":\"\",\"potentialAction\":[{\"@type\":\"SearchAction\",\"target\":\"https:\/\/www.mariasometti.com\/?s={search_term_string}\",\"query-input\":\"required name=search_term_string\"}],\"inLanguage\":\"it-IT\"},{\"@type\":\"ImageObject\",\"@id\":\"https:\/\/www.mariasometti.com\/it\/lake-garda\/#primaryimage\",\"inLanguage\":\"it-IT\",\"url\":\"http:\/\/mariasometti.com\/html\/uploads\/2021\/08\/\\u0433\\u0430\\u0440\\u0434\\u0430-\\u0442\\u0443\\u0440-1067x600.jpg\",\"contentUrl\":\"http:\/\/mariasometti.com\/html\/uploads\/2021\/08\/\\u0433\\u0430\\u0440\\u0434\\u0430-\\u0442\\u0443\\u0440-1067x600.jpg\"},{\"@type\":\"WebPage\",\"@id\":\"https:\/\/www.mariasometti.com\/it\/lake-garda\/#webpage\",\"url\":\"https:\/\/www.mariasometti.com\/it\/lake-garda\/\",\"name\":\"La terra del vino, dell'olio e della natura prealpina \\u2013 Benaco - Maria Sometti - Russian interpreter &amp; translator\",\"isPartOf\":{\"@id\":\"https:\/\/www.mariasometti.com\/#website\"},\"primaryImageOfPage\":{\"@id\":\"https:\/\/www.mariasometti.com\/it\/lake-garda\/#primaryimage\"},\"datePublished\":\"2021-08-13T11:08:25+00:00\",\"dateModified\":\"2021-09-21T20:15:10+00:00\",\"breadcrumb\":{\"@id\":\"https:\/\/www.mariasometti.com\/it\/lake-garda\/#breadcrumb\"},\"inLanguage\":\"it-IT\",\"potentialAction\":[{\"@type\":\"ReadAction\",\"target\":[\"https:\/\/www.mariasometti.com\/it\/lake-garda\/\"]}]},{\"@type\":\"BreadcrumbList\",\"@id\":\"https:\/\/www.mariasometti.com\/it\/lake-garda\/#breadcrumb\",\"itemListElement\":[{\"@type\":\"ListItem\",\"position\":1,\"name\":\"Home\",\"item\":\"https:\/\/mariasometti.com\/it\/\"},{\"@type\":\"ListItem\",\"position\":2,\"name\":\"La terra del vino, dell&#8217;olio e della natura prealpina \\u2013 Benaco\"}]}]}<\/script>\n<!-- \/ Yoast SEO plugin. -->","_links":{"self":[{"href":"https:\/\/www.mariasometti.com\/it\/wp-json\/wp\/v2\/pages\/620"}],"collection":[{"href":"https:\/\/www.mariasometti.com\/it\/wp-json\/wp\/v2\/pages"}],"about":[{"href":"https:\/\/www.mariasometti.com\/it\/wp-json\/wp\/v2\/types\/page"}],"author":[{"embeddable":true,"href":"https:\/\/www.mariasometti.com\/it\/wp-json\/wp\/v2\/users\/1"}],"replies":[{"embeddable":true,"href":"https:\/\/www.mariasometti.com\/it\/wp-json\/wp\/v2\/comments?post=620"}],"version-history":[{"count":10,"href":"https:\/\/www.mariasometti.com\/it\/wp-json\/wp\/v2\/pages\/620\/revisions"}],"predecessor-version":[{"id":1046,"href":"https:\/\/www.mariasometti.com\/it\/wp-json\/wp\/v2\/pages\/620\/revisions\/1046"}],"wp:attachment":[{"href":"https:\/\/www.mariasometti.com\/it\/wp-json\/wp\/v2\/media?parent=620"}],"curies":[{"name":"wp","href":"https:\/\/api.w.org\/{rel}","templated":true}]}}